{"id":2444,"date":"2023-10-19T10:53:16","date_gmt":"2023-10-19T10:53:16","guid":{"rendered":"https:\/\/normak.es\/?page_id=2444"},"modified":"2024-08-28T10:40:37","modified_gmt":"2024-08-28T10:40:37","slug":"accesibilidad-2","status":"publish","type":"page","link":"https:\/\/normak.es\/eu\/accesibilidad-2\/","title":{"rendered":"Accesibilidad"},"content":{"rendered":"<div data-elementor-type=\"wp-page\" data-elementor-id=\"2444\" class=\"elementor elementor-2444\" data-elementor-post-type=\"page\">\n\t\t\t\t<div class=\"elementor-element elementor-element-9e8b799 e-flex e-con-boxed e-con e-parent\" data-id=\"9e8b799\" data-element_type=\"container\">\n\t\t\t\t\t<div class=\"e-con-inner\">\n\t\t\t\t<div class=\"elementor-element elementor-element-50f4392 elementor-widget elementor-widget-heading\" data-id=\"50f4392\" data-element_type=\"widget\" data-widget_type=\"heading.default\">\n\t\t\t\t<div class=\"elementor-widget-container\">\n\t\t\t\t\t<h2 class=\"elementor-heading-title elementor-size-default\">ACCESIBILIDAD<\/h2>\t\t\t\t<\/div>\n\t\t\t\t<\/div>\n\t\t\t\t<div class=\"elementor-element elementor-element-7c0a777 elementor-widget elementor-widget-text-editor\" data-id=\"7c0a777\" data-element_type=\"widget\" data-widget_type=\"text-editor.default\">\n\t\t\t\t<div class=\"elementor-widget-container\">\n\t\t\t\t\t\t\t\t\t<p align=\"justify\"><b>Normak Consulting <\/b>se ha comprometido a hacer accesible su sitio web, de conformidad con el Real Decreto 1112\/2018, de 7 de septiembre, sobre accesibilidad de los sitios web y aplicaciones<\/p><p align=\"justify\">para dispositivos m\u00f3viles del sector p\u00fablico.<\/p><p align=\"justify\">La presente declaraci\u00f3n de accesibilidad se aplica al sitio web <a href=\"https:\/\/normak.es\/eu\/\">https:\/\/normak.es\/<\/a><\/p><p align=\"justify\"><b>Situaci\u00f3n de cumplimiento<\/b><\/p><p align=\"justify\">Este sitio web es parcialmente conforme con el RD 1112\/2018.<\/p><p align=\"justify\"><b>Preparaci\u00f3n para la siguiente declaraci\u00f3n de accesibilidad<\/b><\/p><p align=\"justify\">La presente declaraci\u00f3n fue preparada el <b>28 de Agosto de 2024.<\/b><\/p><p align=\"justify\">El m\u00e9todo empleado para preparar la declaraci\u00f3n ha sido una autoevaluaci\u00f3n llevada a cabo por el propio organismo.<\/p><p align=\"justify\"><b>Observaciones y datos de contacto<\/b><\/p><p align=\"justify\">Puede realizar comunicaciones sobre requisitos de accesibilidad (art\u00edculo 10.2.a del RD 1112\/2018) como, por ejemplo:<\/p><p align=\"justify\">\u2022Informar sobre cualquier posible incumplimiento por parte de este sitio web<\/p><p align=\"justify\">\u2022Transmitir otras dificultades de acceso al contenido<\/p><p align=\"justify\">\u2022Formular cualquier otra consulta o sugerencia de mejora relativa a la accesibilidad del sitio web a trav\u00e9s del formulario de contacto de este sitio web o a trav\u00e9s del n\u00famero de tel\u00e9fono (+34) 94 618 81 60.<\/p><p align=\"justify\">Puede presentar:<\/p><p align=\"justify\">\u2022Queja relativa al cumplimiento de los requisitos del RD<\/p><p align=\"justify\">1112\/2018 o<\/p><p align=\"justify\">\u2022Solicitud de Informaci\u00f3n accesible relativa a:<\/p><p align=\"justify\">\u2022Contenidos que est\u00e1n excluidos del \u00e1mbito de aplicaci\u00f3n<\/p><p align=\"justify\">del RD 1112\/2018 seg\u00fan lo establecido por el art\u00edculo 3,<\/p><p align=\"justify\">apartado 4<\/p><p align=\"justify\">\u2022Contenidos que est\u00e1n exentos del cumplimiento de los requisitos de accesibilidad por imponer una carga desproporcionada<\/p><p align=\"justify\">En la Solicitud de informaci\u00f3n accesible, se debe concretar, con toda claridad, los hechos, razones y petici\u00f3n que permitan constatar que se trata de una solicitud razonable y leg\u00edtima.<\/p><p align=\"justify\">Las quejas y reclamaciones sobre informaci\u00f3n accesible se realizar\u00e1n a trav\u00e9s de la sede electr\u00f3nica <b>(https:\/\/normak.es\/contacto\/)<\/b>, y ser\u00e1n recibidas y tratadas por el \u00e1rea de Sistemas de la Informaci\u00f3n de Normak Consulting.<\/p><p align=\"justify\"><b>Contenido opcional<\/b><\/p><p align=\"justify\">Este portal est\u00e1 dise\u00f1ado para poder cambiar el tama\u00f1o del texto y el color, as\u00ed como el fondo de la p\u00e1gina mediante las opciones de configuraci\u00f3n est\u00e1ndar de los navegadores.<\/p><p align=\"justify\">Si desea cambiar el tama\u00f1o de letra del texto en los principales navegadores gr\u00e1ficos utilice los siguientes men\u00fas:<\/p><p align=\"justify\">\u2022Internet Explorer, Mozilla y Firefox: Ver &gt; Tama\u00f1o del texto<\/p><p align=\"justify\">\u2022Opera: Ver &gt; Zoom<\/p><p align=\"justify\">\u2022Safari: Ver &gt; Hacer el texto m\u00e1s grande<\/p><p align=\"justify\">\u2022Chrome: Controla la p\u00e1gina actual &gt; Tama\u00f1o del texto<\/p><p align=\"justify\">\u2022Para modificar el tama\u00f1o de todo en la p\u00e1gina:<\/p><p align=\"justify\">\u2022Ctrl + + para aumentarlo<\/p><p align=\"justify\">\u2022Ctrl + \u2013 para disminuirlo<\/p><p align=\"justify\">\u2022Ctrl + 0 restaura el tama\u00f1o original del texto<\/p><p align=\"justify\">\u2022Si lo que quiere es anular la hoja de estilos o modificar el color del texto, puede consultar la p\u00e1gina How to Change Text Size or Colors de la WAI, que se puede leer traducida al espa\u00f1ol en \u00bfC\u00f3mo cambiar el tama\u00f1o del texto o colores?<\/p>\t\t\t\t\t\t\t\t<\/div>\n\t\t\t\t<\/div>\n\t\t\t\t\t<\/div>\n\t\t\t\t<\/div>\n\t\t\t\t<\/div>","protected":false},"excerpt":{"rendered":"<p>ACCESIBILIDAD Normak Consulting se ha comprometido a hacer accesible su [&hellip;]<\/p>","protected":false},"author":1,"featured_media":0,"parent":0,"menu_order":0,"comment_status":"closed","ping_status":"closed","template":"elementor_canvas","meta":{"footnotes":""},"class_list":["post-2444","page","type-page","status-publish","hentry"],"_links":{"self":[{"href":"https:\/\/normak.es\/eu\/wp-json\/wp\/v2\/pages\/2444","targetHints":{"allow":["GET"]}}],"collection":[{"href":"https:\/\/normak.es\/eu\/wp-json\/wp\/v2\/pages"}],"about":[{"href":"https:\/\/normak.es\/eu\/wp-json\/wp\/v2\/types\/page"}],"author":[{"embeddable":true,"href":"https:\/\/normak.es\/eu\/wp-json\/wp\/v2\/users\/1"}],"replies":[{"embeddable":true,"href":"https:\/\/normak.es\/eu\/wp-json\/wp\/v2\/comments?post=2444"}],"version-history":[{"count":7,"href":"https:\/\/normak.es\/eu\/wp-json\/wp\/v2\/pages\/2444\/revisions"}],"predecessor-version":[{"id":2468,"href":"https:\/\/normak.es\/eu\/wp-json\/wp\/v2\/pages\/2444\/revisions\/2468"}],"wp:attachment":[{"href":"https:\/\/normak.es\/eu\/wp-json\/wp\/v2\/media?parent=2444"}],"curies":[{"name":"wp","href":"https:\/\/api.w.org\/{rel}","templated":true}]}}